{"id":1545,"date":"2020-10-30T14:35:58","date_gmt":"2020-10-30T14:35:58","guid":{"rendered":"https:\/\/www.akali-hotel.gr\/?page_id=1545"},"modified":"2021-09-17T11:52:34","modified_gmt":"2021-09-17T11:52:34","slug":"location","status":"publish","type":"page","link":"https:\/\/www.akali-hotel.gr\/de\/location\/","title":{"rendered":"Lage"},"content":{"rendered":"<h3>Aktive Freizeit &amp; Sehensw\u00fcrdigkeiten in Chania<\/h3>\n<p>Die auf Westkreta gelegene Stadt Chania wird Ihnen mit ihrem mittelalterlichen Anmut und ihrer romantischen Atmosph\u00e4re, den eleganten Villen, dem wundersch\u00f6nen venezianischen Hafen und dem Leuchtturm, den Museen, Kl\u00f6stern, Festungen und funkelnden Str\u00e4nden den Atem rauben. Das Civitel Akali Hotel liegt in der wundersch\u00f6nen Stadt Chania, nur 11 km vom Hafen von Souda und der Bucht von Souda sowie 15 km vom Flughafen entfernt. Es bietet den perfekten Ausgangspunkt f\u00fcr t\u00e4gliche Ausfl\u00fcge, abwechslungsreichen Aktivit\u00e4ten und Unterhaltung, Natururlaube und Besichtigungen der bekanntesten Sehensw\u00fcrdigkeiten von Chania.<\/p>\n<h3>Chania Aktivit\u00e4ten und Konferenzen in der Stadt Chania<\/h3>\n<p>Das Civitel Akali Hotel in Chania liegt nur wenige Gehminuten von der Altstadt von Chania und nur wenige Gehminuten vom Strand Nea Chora entfernt und bietet einen guten Ausgangspunkt f\u00fcr Ihren Urlaub in Chania. Egal, ob Sie Schluchten, Hochebenen, flie\u00dfende Fl\u00fcsse, gr\u00fcne T\u00e4ler, imposante Berge und Ebenen entdecken oder Museen und Galerien besuchen, Ausstellungen und Gesch\u00e4ftskonferenzen in der Stadt Chania besuchen m\u00f6chten, das Civitel Hotel bietet Ihnen einfachen Zugang zu allem, was Chania zu bieten hat. Das Civitel Akali City Hotel liegt nur wenige Gehminuten vom Strand von Nea Chora und seinen traditionellen Restaurants sowie 10 Minuten vom Hafen von Chania, seinen malerischen engen Gassen, Einkaufsstra\u00dfen und Unterhaltungsm\u00f6glichkeiten entfernt und bietet Ihnen ein Tor zu Chania&#8217;s au\u00dfergew\u00f6hnlichen Pracht.<\/p>\n","protected":false},"excerpt":{"rendered":"<p>Aktive Freizeit &amp; Sehensw\u00fcrdigkeiten in Chania Die auf Westkreta gelegene Stadt Chania wird Ihnen mit ihrem mittelalterlichen Anmut und ihrer romantischen Atmosph\u00e4re, den eleganten Villen, dem wundersch\u00f6nen venezianischen Hafen und dem Leuchtturm, den Museen, Kl\u00f6stern, Festungen und funkelnden Str\u00e4nden den Atem rauben. Das Civitel Akali Hotel liegt in der wundersch\u00f6nen Stadt Chania, nur 11 km [&hellip;]<\/p>\n","protected":false},"author":1,"featured_media":0,"parent":0,"menu_order":122,"comment_status":"closed","ping_status":"closed","template":"templates\/template-location.php","meta":[],"acf":[],"yoast_head":"<!-- This site is optimized with the Yoast SEO plugin v17.7 - https:\/\/yoast.com\/wordpress\/plugins\/seo\/ -->\n<meta name=\"robots\" content=\"index, follow, max-snippet:-1, max-image-preview:large, max-video-preview:-1\" \/>\n<link rel=\"canonical\" href=\"https:\/\/www.akali-hotel.gr\/de\/location\/\" \/>\n<meta property=\"og:locale\" content=\"de_DE\" \/>\n<meta property=\"og:type\" content=\"article\" \/>\n<meta property=\"og:title\" content=\"Lage - Civitel Akali\" \/>\n<meta property=\"og:description\" content=\"Aktive Freizeit &amp; Sehensw\u00fcrdigkeiten in Chania Die auf Westkreta gelegene Stadt Chania wird Ihnen mit ihrem mittelalterlichen Anmut und ihrer romantischen Atmosph\u00e4re, den eleganten Villen, dem wundersch\u00f6nen venezianischen Hafen und dem Leuchtturm, den Museen, Kl\u00f6stern, Festungen und funkelnden Str\u00e4nden den Atem rauben. Das Civitel Akali Hotel liegt in der wundersch\u00f6nen Stadt Chania, nur 11 km [&hellip;]\" \/>\n<meta property=\"og:url\" content=\"https:\/\/www.akali-hotel.gr\/de\/location\/\" \/>\n<meta property=\"og:site_name\" content=\"Civitel Akali\" \/>\n<meta property=\"article:modified_time\" content=\"2021-09-17T11:52:34+00:00\" \/>\n<meta name=\"twitter:card\" content=\"summary_large_image\" \/>\n<meta name=\"twitter:label1\" content=\"Est. reading time\" \/>\n\t<meta name=\"twitter:data1\" content=\"1 Minute\" \/>\n<script type=\"application\/ld+json\" class=\"yoast-schema-graph\">{\"@context\":\"https:\/\/schema.org\",\"@graph\":[{\"@type\":\"WebSite\",\"@id\":\"https:\/\/www.akali-hotel.gr\/#website\",\"url\":\"https:\/\/www.akali-hotel.gr\/\",\"name\":\"Civitel Akali\",\"description\":\"The best of seaside and the city\",\"potentialAction\":[{\"@type\":\"SearchAction\",\"target\":{\"@type\":\"EntryPoint\",\"urlTemplate\":\"https:\/\/www.akali-hotel.gr\/?s={search_term_string}\"},\"query-input\":\"required name=search_term_string\"}],\"inLanguage\":\"de-DE\"},{\"@type\":\"WebPage\",\"@id\":\"https:\/\/www.akali-hotel.gr\/de\/location\/#webpage\",\"url\":\"https:\/\/www.akali-hotel.gr\/de\/location\/\",\"name\":\"Lage - Civitel Akali\",\"isPartOf\":{\"@id\":\"https:\/\/www.akali-hotel.gr\/#website\"},\"datePublished\":\"2020-10-30T14:35:58+00:00\",\"dateModified\":\"2021-09-17T11:52:34+00:00\",\"breadcrumb\":{\"@id\":\"https:\/\/www.akali-hotel.gr\/de\/location\/#breadcrumb\"},\"inLanguage\":\"de-DE\",\"potentialAction\":[{\"@type\":\"ReadAction\",\"target\":[\"https:\/\/www.akali-hotel.gr\/de\/location\/\"]}]},{\"@type\":\"BreadcrumbList\",\"@id\":\"https:\/\/www.akali-hotel.gr\/de\/location\/#breadcrumb\",\"itemListElement\":[{\"@type\":\"ListItem\",\"position\":1,\"name\":\"Home\",\"item\":\"https:\/\/www.akali-hotel.gr\/\"},{\"@type\":\"ListItem\",\"position\":2,\"name\":\"Lage\"}]}]}<\/script>\n<!-- \/ Yoast SEO plugin. -->","yoast_head_json":{"robots":{"index":"index","follow":"follow","max-snippet":"max-snippet:-1","max-image-preview":"max-image-preview:large","max-video-preview":"max-video-preview:-1"},"canonical":"https:\/\/www.akali-hotel.gr\/de\/location\/","og_locale":"de_DE","og_type":"article","og_title":"Lage - Civitel Akali","og_description":"Aktive Freizeit &amp; Sehensw\u00fcrdigkeiten in Chania Die auf Westkreta gelegene Stadt Chania wird Ihnen mit ihrem mittelalterlichen Anmut und ihrer romantischen Atmosph\u00e4re, den eleganten Villen, dem wundersch\u00f6nen venezianischen Hafen und dem Leuchtturm, den Museen, Kl\u00f6stern, Festungen und funkelnden Str\u00e4nden den Atem rauben. Das Civitel Akali Hotel liegt in der wundersch\u00f6nen Stadt Chania, nur 11 km [&hellip;]","og_url":"https:\/\/www.akali-hotel.gr\/de\/location\/","og_site_name":"Civitel Akali","article_modified_time":"2021-09-17T11:52:34+00:00","twitter_card":"summary_large_image","twitter_misc":{"Est. reading time":"1 Minute"},"schema":{"@context":"https:\/\/schema.org","@graph":[{"@type":"WebSite","@id":"https:\/\/www.akali-hotel.gr\/#website","url":"https:\/\/www.akali-hotel.gr\/","name":"Civitel Akali","description":"The best of seaside and the city","potentialAction":[{"@type":"SearchAction","target":{"@type":"EntryPoint","urlTemplate":"https:\/\/www.akali-hotel.gr\/?s={search_term_string}"},"query-input":"required name=search_term_string"}],"inLanguage":"de-DE"},{"@type":"WebPage","@id":"https:\/\/www.akali-hotel.gr\/de\/location\/#webpage","url":"https:\/\/www.akali-hotel.gr\/de\/location\/","name":"Lage - Civitel Akali","isPartOf":{"@id":"https:\/\/www.akali-hotel.gr\/#website"},"datePublished":"2020-10-30T14:35:58+00:00","dateModified":"2021-09-17T11:52:34+00:00","breadcrumb":{"@id":"https:\/\/www.akali-hotel.gr\/de\/location\/#breadcrumb"},"inLanguage":"de-DE","potentialAction":[{"@type":"ReadAction","target":["https:\/\/www.akali-hotel.gr\/de\/location\/"]}]},{"@type":"BreadcrumbList","@id":"https:\/\/www.akali-hotel.gr\/de\/location\/#breadcrumb","itemListElement":[{"@type":"ListItem","position":1,"name":"Home","item":"https:\/\/www.akali-hotel.gr\/"},{"@type":"ListItem","position":2,"name":"Lage"}]}]}},"_links":{"self":[{"href":"https:\/\/www.akali-hotel.gr\/de\/wp-json\/wp\/v2\/pages\/1545"}],"collection":[{"href":"https:\/\/www.akali-hotel.gr\/de\/wp-json\/wp\/v2\/pages"}],"about":[{"href":"https:\/\/www.akali-hotel.gr\/de\/wp-json\/wp\/v2\/types\/page"}],"author":[{"embeddable":true,"href":"https:\/\/www.akali-hotel.gr\/de\/wp-json\/wp\/v2\/users\/1"}],"replies":[{"embeddable":true,"href":"https:\/\/www.akali-hotel.gr\/de\/wp-json\/wp\/v2\/comments?post=1545"}],"version-history":[{"count":2,"href":"https:\/\/www.akali-hotel.gr\/de\/wp-json\/wp\/v2\/pages\/1545\/revisions"}],"predecessor-version":[{"id":2775,"href":"https:\/\/www.akali-hotel.gr\/de\/wp-json\/wp\/v2\/pages\/1545\/revisions\/2775"}],"wp:attachment":[{"href":"https:\/\/www.akali-hotel.gr\/de\/wp-json\/wp\/v2\/media?parent=1545"}],"curies":[{"name":"wp","href":"https:\/\/api.w.org\/{rel}","templated":true}]}}